{"id":25183,"date":"2026-03-16T13:57:24","date_gmt":"2026-03-16T12:57:24","guid":{"rendered":"https:\/\/cargors.com\/?page_id=25183"},"modified":"2026-03-16T13:58:47","modified_gmt":"2026-03-16T12:58:47","slug":"impressum","status":"publish","type":"page","link":"https:\/\/cargors.com\/de\/impressum\/","title":{"rendered":"Impressum"},"content":{"rendered":"\t\t<div data-elementor-type=\"wp-page\" data-elementor-id=\"25183\" class=\"elementor elementor-25183\" data-elementor-post-type=\"page\">\n\t\t\t\t\t\t<section class=\"elementor-section elementor-top-section elementor-element elementor-element-5422002 elementor-section-boxed elementor-section-height-default elementor-section-height-default\" data-id=\"5422002\" data-element_type=\"section\" data-e-type=\"section\">\n\t\t\t\t\t\t<div class=\"elementor-container elementor-column-gap-wide\">\n\t\t\t\t\t<div class=\"elementor-column elementor-col-100 elementor-top-column elementor-element elementor-element-4abe2f5b\" data-id=\"4abe2f5b\" data-element_type=\"column\" data-e-type=\"column\">\n\t\t\t<div class=\"elementor-widget-wrap elementor-element-populated\">\n\t\t\t\t\t\t<div class=\"elementor-element elementor-element-77ba785b elementor-widget elementor-widget-text-editor\" data-id=\"77ba785b\" data-element_type=\"widget\" data-e-type=\"widget\" data-widget_type=\"text-editor.default\">\n\t\t\t\t<div class=\"elementor-widget-container\">\n\t\t\t\t\t\t\t\t\t<p class=\"p1\"><b>Cargors GmbH<\/b><b><\/b><\/p><p class=\"p2\">Speditionstra\u00dfe 15A<\/p><p class=\"p2\">40221 D\u00fcsseldorf<\/p><p class=\"p2\">Deutschland<\/p><p class=\"p2\"><span class=\"s1\"><b>Steuernummer:<\/b><\/span> 106\/5704\/8967<\/p><p class=\"p1\"><b>Vertreten durch den Gesch\u00e4ftsf\u00fchrer:<\/b><b><\/b><\/p><p class=\"p2\">Najeebullah Qazizada<\/p><p class=\"p1\"><b>Kontakt<\/b><b><\/b><\/p><p class=\"p2\">E-Mail: operations@cargors.com<\/p><p class=\"p2\">Website: www.cargors.com\/de<\/p><p><b>Haftung f\u00fcr Inhalte<\/b><\/p><p class=\"p2\">Als Diensteanbieter ist die Cargors GmbH f\u00fcr eigene Inhalte auf diesen Seiten nach den allgemeinen Gesetzen verantwortlich. Trotz sorgf\u00e4ltiger Erstellung und Pr\u00fcfung der Inhalte \u00fcbernehmen wir keine Gew\u00e4hr f\u00fcr die Aktualit\u00e4t, Vollst\u00e4ndigkeit oder Richtigkeit der bereitgestellten Informationen.<\/p><p><b>Haftung f\u00fcr Links<\/b><\/p><p class=\"p2\">Unsere Website kann Links zu externen Websites Dritter enthalten, auf deren Inhalte wir keinen Einfluss haben. Deshalb \u00fcbernehmen wir keine Haftung f\u00fcr diese fremden Inhalte. F\u00fcr die Inhalte der verlinkten Seiten ist stets der jeweilige Anbieter oder Betreiber der Seiten verantwortlich.<\/p><p><b>Urheberrecht<\/b><\/p><p class=\"p2\">Die auf dieser Website ver\u00f6ffentlichten Inhalte und Werke unterliegen dem Urheberrecht. Jede Vervielf\u00e4ltigung, Bearbeitung, Verbreitung oder sonstige Verwertung au\u00dferhalb der Grenzen des Urheberrechts bedarf der vorherigen schriftlichen Zustimmung der Cargors GmbH, sofern nicht anders angegeben.<\/p>\t\t\t\t\t\t\t\t<\/div>\n\t\t\t\t<\/div>\n\t\t\t\t\t<\/div>\n\t\t<\/div>\n\t\t\t\t\t<\/div>\n\t\t<\/section>\n\t\t\t\t<\/div>\n\t\t","protected":false},"excerpt":{"rendered":"<p>Cargors GmbH Speditionstra\u00dfe 15A 40221 D\u00fcsseldorf Deutschland Steuernummer: 106\/5704\/8967 Vertreten durch den Gesch\u00e4ftsf\u00fchrer: Najeebullah Qazizada Kontakt E-Mail: operations@cargors.com Website: www.cargors.com\/de Haftung f\u00fcr Inhalte Als Diensteanbieter ist die Cargors GmbH f\u00fcr eigene Inhalte auf diesen Seiten nach den allgemeinen Gesetzen verantwortlich. Trotz sorgf\u00e4ltiger Erstellung und Pr\u00fcfung der Inhalte \u00fcbernehmen wir keine Gew\u00e4hr f\u00fcr die Aktualit\u00e4t, Vollst\u00e4ndigkeit&#8230;<\/p>\n","protected":false},"author":1,"featured_media":0,"parent":0,"menu_order":0,"comment_status":"closed","ping_status":"closed","template":"","meta":{"footnotes":""},"class_list":["post-25183","page","type-page","status-publish","hentry","no-post-thumbnail"],"acf":[],"_links":{"self":[{"href":"https:\/\/cargors.com\/de\/wp-json\/wp\/v2\/pages\/25183","targetHints":{"allow":["GET"]}}],"collection":[{"href":"https:\/\/cargors.com\/de\/wp-json\/wp\/v2\/pages"}],"about":[{"href":"https:\/\/cargors.com\/de\/wp-json\/wp\/v2\/types\/page"}],"author":[{"embeddable":true,"href":"https:\/\/cargors.com\/de\/wp-json\/wp\/v2\/users\/1"}],"replies":[{"embeddable":true,"href":"https:\/\/cargors.com\/de\/wp-json\/wp\/v2\/comments?post=25183"}],"version-history":[{"count":5,"href":"https:\/\/cargors.com\/de\/wp-json\/wp\/v2\/pages\/25183\/revisions"}],"predecessor-version":[{"id":25188,"href":"https:\/\/cargors.com\/de\/wp-json\/wp\/v2\/pages\/25183\/revisions\/25188"}],"wp:attachment":[{"href":"https:\/\/cargors.com\/de\/wp-json\/wp\/v2\/media?parent=25183"}],"curies":[{"name":"wp","href":"https:\/\/api.w.org\/{rel}","templated":true}]}}