{"id":20961,"date":"2025-03-17T23:07:05","date_gmt":"2025-03-17T22:07:05","guid":{"rendered":"https:\/\/cargors.com\/kraftstoffzuschlag\/"},"modified":"2025-03-18T10:12:46","modified_gmt":"2025-03-18T09:12:46","slug":"kraftstoffzuschlag","status":"publish","type":"page","link":"https:\/\/cargors.com\/de\/kraftstoffzuschlag\/","title":{"rendered":"Kraftstoffzuschlag"},"content":{"rendered":"\t\t<div data-elementor-type=\"wp-post\" data-elementor-id=\"20961\" class=\"elementor elementor-20961 elementor-16164\" data-elementor-post-type=\"page\">\n\t\t\t\t\t\t<section class=\"elementor-section elementor-top-section elementor-element elementor-element-4027733 elementor-section-boxed elementor-section-height-default elementor-section-height-default\" data-id=\"4027733\" data-element_type=\"section\" data-e-type=\"section\" data-settings=\"{&quot;background_background&quot;:&quot;classic&quot;}\">\n\t\t\t\t\t\t<div class=\"elementor-container elementor-column-gap-default\">\n\t\t\t\t\t<div class=\"elementor-column elementor-col-50 elementor-top-column elementor-element elementor-element-a8e862c\" data-id=\"a8e862c\" data-element_type=\"column\" data-e-type=\"column\">\n\t\t\t<div class=\"elementor-widget-wrap elementor-element-populated\">\n\t\t\t\t\t\t<div class=\"elementor-element elementor-element-289be32 elementor-headline--style-highlight elementor-widget elementor-widget-animated-headline\" data-id=\"289be32\" data-element_type=\"widget\" data-e-type=\"widget\" data-settings=\"{&quot;marker&quot;:&quot;underline&quot;,&quot;highlighted_text&quot;:&quot;Was&quot;,&quot;headline_style&quot;:&quot;highlight&quot;,&quot;loop&quot;:&quot;yes&quot;,&quot;highlight_animation_duration&quot;:1200,&quot;highlight_iteration_delay&quot;:8000}\" data-widget_type=\"animated-headline.default\">\n\t\t\t\t<div class=\"elementor-widget-container\">\n\t\t\t\t\t\t\t<h1 class=\"elementor-headline\">\n\t\t\t\t<span class=\"elementor-headline-dynamic-wrapper elementor-headline-text-wrapper\">\n\t\t\t\t\t<span class=\"elementor-headline-dynamic-text elementor-headline-text-active\">Was<\/span>\n\t\t\t\t<\/span>\n\t\t\t\t\t<span class=\"elementor-headline-plain-text elementor-headline-text-wrapper\">ist ein Kraftstoffzuschlag?<\/span>\n\t\t\t\t\t<\/h1>\n\t\t\t\t\t\t<\/div>\n\t\t\t\t<\/div>\n\t\t\t\t<div class=\"elementor-element elementor-element-b90a8df elementor-widget elementor-widget-text-editor\" data-id=\"b90a8df\" data-element_type=\"widget\" data-e-type=\"widget\" data-widget_type=\"text-editor.default\">\n\t\t\t\t<div class=\"elementor-widget-container\">\n\t\t\t\t\t\t\t\t\t<p>Ein Kraftstoffzuschlag ist eine zus\u00e4tzliche Geb\u00fchr, die von Frachtf\u00fchrern und Logistikunternehmen erhoben wird, um Schwankungen der Kraftstoffkosten auszugleichen. Er dient als Mechanismus zur Deckung steigender Kraftstoffkosten und erm\u00f6glicht es den Frachtf\u00fchrern, ihre Gewinnmargen zu sch\u00fctzen. <\/p>\n\t\t\t\t\t\t\t\t<\/div>\n\t\t\t\t<\/div>\n\t\t\t\t\t<\/div>\n\t\t<\/div>\n\t\t\t\t<div class=\"elementor-column elementor-col-50 elementor-top-column elementor-element elementor-element-9ff2baf\" data-id=\"9ff2baf\" data-element_type=\"column\" data-e-type=\"column\">\n\t\t\t<div class=\"elementor-widget-wrap\">\n\t\t\t\t\t\t\t<\/div>\n\t\t<\/div>\n\t\t\t\t\t<\/div>\n\t\t<\/section>\n\t\t\t\t<section class=\"elementor-section elementor-top-section elementor-element elementor-element-5622175 elementor-section-boxed elementor-section-height-default elementor-section-height-default\" data-id=\"5622175\" data-element_type=\"section\" data-e-type=\"section\" data-settings=\"{&quot;background_background&quot;:&quot;classic&quot;}\">\n\t\t\t\t\t\t<div class=\"elementor-container elementor-column-gap-default\">\n\t\t\t\t\t<div class=\"elementor-column elementor-col-50 elementor-top-column elementor-element elementor-element-4a7c1fd\" data-id=\"4a7c1fd\" data-element_type=\"column\" data-e-type=\"column\">\n\t\t\t<div class=\"elementor-widget-wrap elementor-element-populated\">\n\t\t\t\t\t\t<div class=\"elementor-element elementor-element-35ee7b1 elementor-widget elementor-widget-image\" data-id=\"35ee7b1\" data-element_type=\"widget\" data-e-type=\"widget\" data-widget_type=\"image.default\">\n\t\t\t\t<div class=\"elementor-widget-container\">\n\t\t\t\t\t\t\t\t\t\t\t\t\t\t\t<img decoding=\"async\" width=\"155\" height=\"140\" src=\"https:\/\/cargors.com\/wp-content\/uploads\/2022\/09\/Oval.png\" class=\"attachment-large size-large wp-image-24680\" alt=\"Blue oval\" \/>\t\t\t\t\t\t\t\t\t\t\t\t\t\t\t<\/div>\n\t\t\t\t<\/div>\n\t\t\t\t\t<\/div>\n\t\t<\/div>\n\t\t\t\t<div class=\"elementor-column elementor-col-50 elementor-top-column elementor-element elementor-element-43dc4de\" data-id=\"43dc4de\" data-element_type=\"column\" data-e-type=\"column\">\n\t\t\t<div class=\"elementor-widget-wrap elementor-element-populated\">\n\t\t\t\t\t\t<div class=\"elementor-element elementor-element-e7f2fbe elementor-headline--style-highlight elementor-widget elementor-widget-animated-headline\" data-id=\"e7f2fbe\" data-element_type=\"widget\" data-e-type=\"widget\" data-settings=\"{&quot;marker&quot;:&quot;underline&quot;,&quot;highlighted_text&quot;:&quot;Wie&quot;,&quot;headline_style&quot;:&quot;highlight&quot;,&quot;loop&quot;:&quot;yes&quot;,&quot;highlight_animation_duration&quot;:1200,&quot;highlight_iteration_delay&quot;:8000}\" data-widget_type=\"animated-headline.default\">\n\t\t\t\t<div class=\"elementor-widget-container\">\n\t\t\t\t\t\t\t<h2 class=\"elementor-headline\">\n\t\t\t\t<span class=\"elementor-headline-dynamic-wrapper elementor-headline-text-wrapper\">\n\t\t\t\t\t<span class=\"elementor-headline-dynamic-text elementor-headline-text-active\">Wie<\/span>\n\t\t\t\t<\/span>\n\t\t\t\t\t<span class=\"elementor-headline-plain-text elementor-headline-text-wrapper\">wird der Kraftstoffzuschlag berechnet?<\/span>\n\t\t\t\t\t<\/h2>\n\t\t\t\t\t\t<\/div>\n\t\t\t\t<\/div>\n\t\t\t\t<div class=\"elementor-element elementor-element-45470dc elementor-widget elementor-widget-text-editor\" data-id=\"45470dc\" data-element_type=\"widget\" data-e-type=\"widget\" data-widget_type=\"text-editor.default\">\n\t\t\t\t<div class=\"elementor-widget-container\">\n\t\t\t\t\t\t\t\t\t<p>Kraftstoffzuschl\u00e4ge werden oft als prozentualer Aufschlag auf den Basis-Transporttarif berechnet. Angenommen, der Basis-Transporttarif f\u00fcr eine Frachtsendung betr\u00e4gt 100 \u20ac. Bei einem Kraftstoffzuschlag von 10% w\u00fcrde die Berechnung wie folgt aussehen:  <\/p>\n<p><strong>Kraftstoffzuschlag = (10\/100) * 100 \u20ac = 10 \u20ac<\/strong><\/p>\n<p>Der Gesamtpreis einschlie\u00dflich des Kraftstoffzuschlags w\u00fcrde also 100 \u20ac + 10 \u20ac = 110 \u20ac betragen. Dieser Zuschlag gleicht zus\u00e4tzliche Kosten aufgrund von Schwankungen der Kraftstoffpreise aus. Der genaue Prozentsatz und die Formel k\u00f6nnen jedoch je nach Frachtf\u00fchrer und deren spezifischen Vereinbarungen oder Berechnungsmethoden variieren.  <\/p>\n\t\t\t\t\t\t\t\t<\/div>\n\t\t\t\t<\/div>\n\t\t\t\t\t<\/div>\n\t\t<\/div>\n\t\t\t\t\t<\/div>\n\t\t<\/section>\n\t\t\t\t<section class=\"elementor-section elementor-top-section elementor-element elementor-element-ed90c4c elementor-section-boxed elementor-section-height-default elementor-section-height-default\" data-id=\"ed90c4c\" data-element_type=\"section\" data-e-type=\"section\" data-settings=\"{&quot;background_background&quot;:&quot;classic&quot;}\">\n\t\t\t\t\t\t<div class=\"elementor-container elementor-column-gap-default\">\n\t\t\t\t\t<div class=\"elementor-column elementor-col-50 elementor-top-column elementor-element elementor-element-11afcb5\" data-id=\"11afcb5\" data-element_type=\"column\" data-e-type=\"column\">\n\t\t\t<div class=\"elementor-widget-wrap elementor-element-populated\">\n\t\t\t\t\t\t<div class=\"elementor-element elementor-element-fdb3f9a elementor-headline--style-highlight elementor-widget elementor-widget-animated-headline\" data-id=\"fdb3f9a\" data-element_type=\"widget\" data-e-type=\"widget\" data-settings=\"{&quot;marker&quot;:&quot;underline&quot;,&quot;highlighted_text&quot;:&quot;Warum&quot;,&quot;headline_style&quot;:&quot;highlight&quot;,&quot;loop&quot;:&quot;yes&quot;,&quot;highlight_animation_duration&quot;:1200,&quot;highlight_iteration_delay&quot;:8000}\" data-widget_type=\"animated-headline.default\">\n\t\t\t\t<div class=\"elementor-widget-container\">\n\t\t\t\t\t\t\t<h3 class=\"elementor-headline\">\n\t\t\t\t<span class=\"elementor-headline-dynamic-wrapper elementor-headline-text-wrapper\">\n\t\t\t\t\t<span class=\"elementor-headline-dynamic-text elementor-headline-text-active\">Warum<\/span>\n\t\t\t\t<\/span>\n\t\t\t\t\t<span class=\"elementor-headline-plain-text elementor-headline-text-wrapper\">erschwert der Kraftstoffzuschlag den Tarifvergleich?<\/span>\n\t\t\t\t\t<\/h3>\n\t\t\t\t\t\t<\/div>\n\t\t\t\t<\/div>\n\t\t\t\t<div class=\"elementor-element elementor-element-bd35e23 elementor-widget elementor-widget-text-editor\" data-id=\"bd35e23\" data-element_type=\"widget\" data-e-type=\"widget\" data-widget_type=\"text-editor.default\">\n\t\t\t\t<div class=\"elementor-widget-container\">\n\t\t\t\t\t\t\t\t\t<p>Kraftstoffzuschl\u00e4ge erschweren den Tarifvergleich f\u00fcr einen Verlader, da die H\u00f6he und die Berechnungsmethoden der Zuschl\u00e4ge zwischen den Frachtf\u00fchrern variieren k\u00f6nnen. Dies kann zu Ungleichheiten und Inkonsistenzen bei der Bewertung von Angeboten f\u00fchren, wodurch es schwieriger wird, die Tarife verschiedener Anbieter genau und direkt zu vergleichen. <\/p>\n\t\t\t\t\t\t\t\t<\/div>\n\t\t\t\t<\/div>\n\t\t\t\t\t<\/div>\n\t\t<\/div>\n\t\t\t\t<div class=\"elementor-column elementor-col-50 elementor-top-column elementor-element elementor-element-5533062\" data-id=\"5533062\" data-element_type=\"column\" data-e-type=\"column\">\n\t\t\t<div class=\"elementor-widget-wrap elementor-element-populated\">\n\t\t\t\t\t\t<div class=\"elementor-element elementor-element-97babe4 elementor-widget elementor-widget-image\" data-id=\"97babe4\" data-element_type=\"widget\" data-e-type=\"widget\" data-widget_type=\"image.default\">\n\t\t\t\t<div class=\"elementor-widget-container\">\n\t\t\t\t\t\t\t\t\t\t\t\t\t\t\t<img decoding=\"async\" width=\"99\" height=\"99\" src=\"https:\/\/cargors.com\/wp-content\/uploads\/2022\/09\/Oval-Copy.png\" class=\"attachment-large size-large wp-image-14507\" alt=\"Blue oval\" srcset=\"https:\/\/cargors.com\/wp-content\/uploads\/2022\/09\/Oval-Copy.png 99w, https:\/\/cargors.com\/wp-content\/uploads\/2022\/09\/Oval-Copy-80x80.png 80w, https:\/\/cargors.com\/wp-content\/uploads\/2022\/09\/Oval-Copy-70x70.png 70w, https:\/\/cargors.com\/wp-content\/uploads\/2022\/09\/Oval-Copy-75x75.png 75w\" sizes=\"(max-width: 99px) 100vw, 99px\" \/>\t\t\t\t\t\t\t\t\t\t\t\t\t\t\t<\/div>\n\t\t\t\t<\/div>\n\t\t\t\t\t<\/div>\n\t\t<\/div>\n\t\t\t\t\t<\/div>\n\t\t<\/section>\n\t\t\t\t<section class=\"elementor-section elementor-top-section elementor-element elementor-element-c8f3ef9 elementor-section-boxed elementor-section-height-default elementor-section-height-default\" data-id=\"c8f3ef9\" data-element_type=\"section\" data-e-type=\"section\" data-settings=\"{&quot;background_background&quot;:&quot;classic&quot;}\">\n\t\t\t\t\t\t<div class=\"elementor-container elementor-column-gap-default\">\n\t\t\t\t\t<div class=\"elementor-column elementor-col-50 elementor-top-column elementor-element elementor-element-972fa2f\" data-id=\"972fa2f\" data-element_type=\"column\" data-e-type=\"column\">\n\t\t\t<div class=\"elementor-widget-wrap\">\n\t\t\t\t\t\t\t<\/div>\n\t\t<\/div>\n\t\t\t\t<div class=\"elementor-column elementor-col-50 elementor-top-column elementor-element elementor-element-de8b69b\" data-id=\"de8b69b\" data-element_type=\"column\" data-e-type=\"column\">\n\t\t\t<div class=\"elementor-widget-wrap elementor-element-populated\">\n\t\t\t\t\t\t<div class=\"elementor-element elementor-element-2f97ec7 elementor-headline--style-highlight elementor-widget elementor-widget-animated-headline\" data-id=\"2f97ec7\" data-element_type=\"widget\" data-e-type=\"widget\" data-settings=\"{&quot;marker&quot;:&quot;underline&quot;,&quot;highlighted_text&quot;:&quot;Wie&quot;,&quot;headline_style&quot;:&quot;highlight&quot;,&quot;loop&quot;:&quot;yes&quot;,&quot;highlight_animation_duration&quot;:1200,&quot;highlight_iteration_delay&quot;:8000}\" data-widget_type=\"animated-headline.default\">\n\t\t\t\t<div class=\"elementor-widget-container\">\n\t\t\t\t\t\t\t<h2 class=\"elementor-headline\">\n\t\t\t\t<span class=\"elementor-headline-dynamic-wrapper elementor-headline-text-wrapper\">\n\t\t\t\t\t<span class=\"elementor-headline-dynamic-text elementor-headline-text-active\">Wie<\/span>\n\t\t\t\t<\/span>\n\t\t\t\t\t<span class=\"elementor-headline-plain-text elementor-headline-text-wrapper\">l\u00f6st Cargors dieses Problem?<\/span>\n\t\t\t\t\t<\/h2>\n\t\t\t\t\t\t<\/div>\n\t\t\t\t<\/div>\n\t\t\t\t<div class=\"elementor-element elementor-element-c15da26 elementor-widget elementor-widget-text-editor\" data-id=\"c15da26\" data-element_type=\"widget\" data-e-type=\"widget\" data-widget_type=\"text-editor.default\">\n\t\t\t\t<div class=\"elementor-widget-container\">\n\t\t\t\t\t\t\t\t\t<p>Cargors l\u00f6st dieses Problem durch die Standardisierung des Kraftstoffzuschlags, was Konsistenz und Transparenz in der Branche schafft. Wir streben die Schaffung eines gemeinsamen Rahmens an, dem sich Frachtf\u00fchrer anschlie\u00dfen k\u00f6nnen, was es Verladern erleichtern wird, die Kraftstoffzuschl\u00e4ge verschiedener Frachtf\u00fchrer zu vergleichen. Durch die kontinuierliche Anbindung von Frachtf\u00fchrern an diesen Rahmen f\u00f6rdern wir einen standardisierten Ansatz und vereinfachen den Tarifvergleichsprozess f\u00fcr Verlader.  <\/p>\n<p>Wir gehen einen Schritt weiter, indem wir soweit wie m\u00f6glich All-inclusive-Tarife anbieten. Das bedeutet, dass wir den Kraftstoffzuschlag und andere relevante Kosten bereits in den Tarif einbeziehen und den Verladern so ein klares und vollst\u00e4ndiges Bild der Gesamtkosten vermitteln. Dies erleichtert ihnen den Tarifvergleich, ohne sich um versteckte Zuschl\u00e4ge sorgen zu m\u00fcssen. Dies bietet Verladern gr\u00f6\u00dfere Transparenz und Bequemlichkeit in ihren Versandprozessen.   <\/p>\n\t\t\t\t\t\t\t\t<\/div>\n\t\t\t\t<\/div>\n\t\t\t\t\t<\/div>\n\t\t<\/div>\n\t\t\t\t\t<\/div>\n\t\t<\/section>\n\t\t\t\t<section class=\"elementor-section elementor-top-section elementor-element elementor-element-7961637 elementor-section-content-middle elementor-section-boxed elementor-section-height-default elementor-section-height-default\" data-id=\"7961637\" data-element_type=\"section\" data-e-type=\"section\">\n\t\t\t\t\t\t\t<div class=\"elementor-background-overlay\"><\/div>\n\t\t\t\t\t\t\t<div class=\"elementor-container elementor-column-gap-no\">\n\t\t\t\t\t<div class=\"elementor-column elementor-col-100 elementor-top-column elementor-element elementor-element-ef98a35\" data-id=\"ef98a35\" data-element_type=\"column\" data-e-type=\"column\">\n\t\t\t<div class=\"elementor-widget-wrap elementor-element-populated\">\n\t\t\t\t\t\t<div class=\"elementor-element elementor-element-ebb1d76 elementor-widget elementor-widget-heading\" data-id=\"ebb1d76\" data-element_type=\"widget\" data-e-type=\"widget\" data-widget_type=\"heading.default\">\n\t\t\t\t<div class=\"elementor-widget-container\">\n\t\t\t\t\t<h2 class=\"elementor-heading-title elementor-size-medium\">\u00dcbersicht Kraftstoffzuschlag*<\/h2>\t\t\t\t<\/div>\n\t\t\t\t<\/div>\n\t\t\t\t<div class=\"elementor-element elementor-element-c67c20e elementor-widget elementor-widget-text-editor\" data-id=\"c67c20e\" data-element_type=\"widget\" data-e-type=\"widget\" data-widget_type=\"text-editor.default\">\n\t\t\t\t<div class=\"elementor-widget-container\">\n\t\t\t\t\t\t\t\t\t<h4>Die H\u00f6he des Kraftstoffzuschlags in einem Kalendermonat wird an jedem ersten Arbeitstag dieses Monats auf der Grundlage des durchschnittlichen Dieselpreises in den Niederlanden des vorangegangenen Kalendermonats festgelegt, wie er von <a href=\"https:\/\/www.tln.nl\/brandstofmonitor\/.\" rel=\"nofollow noopener\" target=\"_blank\">Transport en Logistiek Nederland<\/a> (TLN) ver\u00f6ffentlicht wird.<\/h4>\n<table style=\"height: 325px;\" width=\"431\">\n<tbody>\n<tr>\n <td>\n  <b>Prozentsatz<\/b>\n<\/td>\n<td>\n  <strong>Dieselpreis ab<\/strong>\n<\/td>\n<td>\n  <b>Dieselpreis bis<\/b>\n<\/td>\n<\/tr>\n<tr>\n<td>1%<\/td>\n<td>1,000<\/td>\n<td>1,049<\/td>\n<\/tr>\n<tr>\n<td>2%<\/td>\n<td>1,050<\/td>\n<td>1,099<\/td>\n<\/tr>\n<tr>\n<td>3%<\/td>\n<td>1,100<\/td>\n<td>1,149<\/td>\n<\/tr>\n<tr>\n<td>4%<\/td>\n<td>1,150<\/td>\n<td>1,199<\/td>\n<\/tr>\n<tr>\n<td>5%<\/td>\n<td>1,200<\/td>\n<td>1,249<\/td>\n<\/tr>\n<tr>\n<td>6%<\/td>\n<td>1,250<\/td>\n<td>1,299<\/td>\n<\/tr>\n<tr>\n<td>7%<\/td>\n<td>1,300<\/td>\n<td>1,349<\/td>\n<\/tr>\n<tr>\n<td>8%<\/td>\n<td>1,350<\/td>\n<td>1,399<\/td>\n<\/tr>\n<tr>\n<td>9%<\/td>\n<td>1,400<\/td>\n<td>1,449<\/td>\n<\/tr>\n<tr>\n<td>10%<\/td>\n<td>1,450<\/td>\n<td>1,499<\/td>\n<\/tr>\n<tr>\n<td>11%<\/td>\n<td>1,500<\/td>\n<td>1,549<\/td>\n<\/tr>\n<tr>\n<td>12%<\/td>\n<td>1,550<\/td>\n<td>1,599<\/td>\n<\/tr>\n<tr>\n<td>13%<\/td>\n<td>1,600<\/td>\n<td>1,649<\/td>\n<\/tr>\n<tr>\n<td>14%<\/td>\n<td>1,650<\/td>\n<td>1,699<\/td>\n<\/tr>\n<tr>\n<td>15%<\/td>\n<td>1,700<\/td>\n<td>1,749<\/td>\n<\/tr>\n<tr>\n<td>16%<\/td>\n<td>1.750<\/td>\n<td>1.799<\/td>\n<\/tr>\n<tr>\n<td>17%<\/td>\n<td>1.800<\/td>\n<td>1.849<\/td>\n<\/tr>\n<tr>\n<td>18%<\/td>\n<td>1.850<\/td>\n<td>1.899<\/td>\n<\/tr>\n<tr>\n<td>19%<\/td>\n<td>1.900<\/td>\n<td>1.949<\/td>\n<\/tr>\n<tr>\n<td>20%<\/td>\n<td>1.950<\/td>\n<td>1.999<\/td>\n<\/tr>\n<tr>\n<td>21%<\/td>\n<td>2.000<\/td>\n<td>2.049<\/td>\n<\/tr>\n<tr>\n<td>22%<\/td>\n<td>2.050<\/td>\n<td>2.099<\/td>\n<\/tr>\n<tr>\n<td>23%<\/td>\n<td>2.100<\/td>\n<td>2.149<\/td>\n<\/tr>\n<tr>\n<td>24%<\/td>\n<td>2.150<\/td>\n<td>2.199<\/td>\n<\/tr>\n<tr>\n<td>25%<\/td>\n<td>2.200<\/td>\n<td>2.249<\/td>\n<\/tr>\n<tr>\n<td>26%<\/td>\n<td>2.250<\/td>\n<td>2.299<\/td>\n<\/tr>\n<tr>\n<td>27%<\/td>\n<td>2.300<\/td>\n<td>2.349<\/td>\n<\/tr>\n<tr>\n<td>28%<\/td>\n<td>2.350<\/td>\n<td>2.399<\/td>\n<\/tr>\n<\/tbody>\n<\/table>\n\t\t\t\t\t\t\t\t<\/div>\n\t\t\t\t<\/div>\n\t\t\t\t<div class=\"elementor-element elementor-element-bc85e04 elementor-widget elementor-widget-text-editor\" data-id=\"bc85e04\" data-element_type=\"widget\" data-e-type=\"widget\" data-widget_type=\"text-editor.default\">\n\t\t\t\t<div class=\"elementor-widget-container\">\n\t\t\t\t\t\t\t\t\t<p>*Bei GenericProductName bem\u00fchen wir uns kontinuierlich darum, Spediteure an unseren standardisierten Kraftstoffzuschlag anzubinden. Da dies ein langwieriger Prozess ist, verwenden einige Spediteure m\u00f6glicherweise noch ihren eigenen Prozentsatz bei der Berechnung des Kraftstoffzuschlags. <\/p>\n\t\t\t\t\t\t\t\t<\/div>\n\t\t\t\t<\/div>\n\t\t\t\t\t<\/div>\n\t\t<\/div>\n\t\t\t\t\t<\/div>\n\t\t<\/section>\n\t\t\t\t<\/div>\n\t\t","protected":false},"excerpt":{"rendered":"<p>Jeder Frachtf\u00fchrer wendet aufgrund verschiedener Faktoren, die ihre Kostenstruktur beeinflussen, wie regionale Kraftstoffpreise und Berechnungsmethoden, einen anderen Kraftstoffzuschlag an. Um dieser Variabilit\u00e4t zu begegnen, strebt Cargors eine Standardisierung der Kraftstoffzuschl\u00e4ge an. Nachfolgend finden Sie Antworten auf die am h\u00e4ufigsten gestellten Fragen und eine \u00dcbersicht \u00fcber unseren Kraftstoffzuschlag.  <\/p>\n","protected":false},"author":1,"featured_media":0,"parent":0,"menu_order":0,"comment_status":"closed","ping_status":"closed","template":"elementor_header_footer","meta":{"footnotes":""},"class_list":["post-20961","page","type-page","status-publish","hentry","no-post-thumbnail"],"acf":[],"_links":{"self":[{"href":"https:\/\/cargors.com\/de\/wp-json\/wp\/v2\/pages\/20961","targetHints":{"allow":["GET"]}}],"collection":[{"href":"https:\/\/cargors.com\/de\/wp-json\/wp\/v2\/pages"}],"about":[{"href":"https:\/\/cargors.com\/de\/wp-json\/wp\/v2\/types\/page"}],"author":[{"embeddable":true,"href":"https:\/\/cargors.com\/de\/wp-json\/wp\/v2\/users\/1"}],"replies":[{"embeddable":true,"href":"https:\/\/cargors.com\/de\/wp-json\/wp\/v2\/comments?post=20961"}],"version-history":[{"count":0,"href":"https:\/\/cargors.com\/de\/wp-json\/wp\/v2\/pages\/20961\/revisions"}],"wp:attachment":[{"href":"https:\/\/cargors.com\/de\/wp-json\/wp\/v2\/media?parent=20961"}],"curies":[{"name":"wp","href":"https:\/\/api.w.org\/{rel}","templated":true}]}}