{"id":20900,"date":"2025-03-17T23:02:07","date_gmt":"2025-03-17T22:02:07","guid":{"rendered":"https:\/\/cargors.com\/co2-ausgleichsprogramm\/"},"modified":"2025-03-19T11:00:30","modified_gmt":"2025-03-19T10:00:30","slug":"co2-ausgleichsprogramm","status":"publish","type":"page","link":"https:\/\/cargors.com\/de\/co2-ausgleichsprogramm\/","title":{"rendered":"CO2 Ausgleichsprogramm"},"content":{"rendered":"\t\t<div data-elementor-type=\"wp-post\" data-elementor-id=\"20900\" class=\"elementor elementor-20900 elementor-14465\" data-elementor-post-type=\"page\">\n\t\t\t\t\t\t<section class=\"elementor-section elementor-top-section elementor-element elementor-element-5d12c38 elementor-section-full_width elementor-section-height-default elementor-section-height-default\" data-id=\"5d12c38\" data-element_type=\"section\" data-e-type=\"section\" data-settings=\"{&quot;background_background&quot;:&quot;classic&quot;}\">\n\t\t\t\t\t\t<div class=\"elementor-container elementor-column-gap-no\">\n\t\t\t\t\t<div class=\"elementor-column elementor-col-100 elementor-top-column elementor-element elementor-element-af716e9\" data-id=\"af716e9\" data-element_type=\"column\" data-e-type=\"column\">\n\t\t\t<div class=\"elementor-widget-wrap elementor-element-populated\">\n\t\t\t\t\t\t<div class=\"elementor-element elementor-element-d353701 elementor-widget elementor-widget-saasland_solar-system\" data-id=\"d353701\" data-element_type=\"widget\" data-e-type=\"widget\" data-widget_type=\"saasland_solar-system.default\">\n\t\t\t\t<div class=\"elementor-widget-container\">\n\t\t\t\t\t        <!--============ Car Testimonial Area ==============-->\r\n        <section class=\"software_promo_area sec_pad\">\r\n            <div class=\"container\">\r\n                <div class=\"sec_title text-center wow fadeInUp\" data-wow-delay=\"0.3s\">\r\n                                            <h1 class=\"f_p f_size_30 l_height50 f_600 t_color\">Klare Zusammenarbeit <\/h1>\r\n                                                                <p class=\"f_300 f_size_18 l_height34\"> Jede Sendung, die \u00fcber das Cargors Gateway erfolgt, tr\u00e4gt zur Pflanzung von B\u00e4umen bei, sowohl in den Niederlanden als auch im Ausland. Die Anzahl der zu pflanzenden B\u00e4ume h\u00e4ngt von der Anzahl der Sendungen ab und steigt proportional an. <\/p>\r\n                                    <\/div>\r\n                <div class=\"round_shape mt_30\">\r\n                    <div class=\"symbols-pulse active\">\r\n                        <div class=\"pulse-1\"><\/div>\r\n                        <div class=\"pulse-2\"><\/div>\r\n                        <div class=\"pulse-3\"><\/div>\r\n                        <div class=\"pulse-4\"><\/div>\r\n                        <div class=\"pulse-x\"><\/div>\r\n                    <\/div>\r\n                    <div class=\"r_shape r_shape_five\">\r\n                        <span class=\"text\">\r\n                            <a href=\"https:\/\/treesforall.nl\/projecten\/\" rel=\"nofollow noopener\" target=\"_blank\">\r\n                                 <img decoding=\"async\" src=\"https:\/\/cargors.com\/wp-content\/uploads\/2022\/09\/trees-for-all_logo_2021-1.svg\" alt=\"Klare Zusammenarbeit\">\r\n                                                                <\/a>\r\n                        <\/span>\r\n                    <\/div>\r\n                    <div class=\"s_promo_info\">\r\n                                                    <div class=\"promo_item item_one scroll_animation\" style=\"width: 250px; height: 250px; \">\r\n                                <div class=\"text\">\r\n                                                                        <p>Sie stellen sicher, dass Ihr CO2-Fu\u00dfabdruck neutral ist.<\/p>                                <\/div>\r\n                            <\/div>\r\n                                                        <div class=\"promo_item item_two scroll_animation\" style=\"width: 250px; height: 250px; top: 20px; right: 20px; bottom: 20px; left:20px; \">\r\n                                <div class=\"text\">\r\n                                                                        <p>Sie sorgen f\u00fcr ein gr\u00fcneres Wohnumfeld.<\/p>                                <\/div>\r\n                            <\/div>\r\n                                                        <div class=\"promo_item item_three scroll_animation\" style=\"width: 250px; height: 250px; top: 400px; right: 200px; left:200px; \">\r\n                                <div class=\"text\">\r\n                                                                        <p>Auch die Menschen vor Ort profitieren.<\/p>                                <\/div>\r\n                            <\/div>\r\n                                                <\/div>\r\n                <\/div>\r\n            <\/div>\r\n        <\/section>\r\n\r\n                    <script>\r\n                ;(function($){\r\n                    \"use strict\";\r\n                    $(document).ready(function () {\r\n                        var $animation_elements = $( '.scroll_animation' );\r\n                        var $window = $(window);\r\n\r\n                        function check_if_in_view() {\r\n                            var window_height = $window.height();\r\n                            var window_top_position = $window.scrollTop();\r\n                            var window_bottom_position = (window_top_position + window_height);\r\n\r\n                            $.each($animation_elements, function() {\r\n                                var $element = $(this);\r\n                                var element_height = $element.outerHeight();\r\n                                var element_top_position = $element.offset().top;\r\n                                var element_bottom_position = (element_top_position + element_height);\r\n\r\n                                \/\/check to see if this current container is within viewport\r\n                                if ((element_bottom_position >= window_top_position) &&\r\n                                    (element_top_position <= window_bottom_position)) {\r\n                                    $element.addClass( 'in-view' );\r\n                                } else {\r\n                                    $element.removeClass( 'in-view' );\r\n                                }\r\n                            });\r\n                        }\r\n\r\n                        if ($(window).width() > 576){\r\n                            $window.on( 'scroll resize', check_if_in_view);\r\n                            $window.trigger( 'scroll' );\r\n                        }\r\n\r\n                    });\r\n                })(jQuery)\r\n            <\/script>\r\n            \t\t\t\t<\/div>\n\t\t\t\t<\/div>\n\t\t\t\t\t<\/div>\n\t\t<\/div>\n\t\t\t\t\t<\/div>\n\t\t<\/section>\n\t\t\t\t<\/div>\n\t\t","protected":false},"excerpt":{"rendered":"<p>Cargors hat in Kooperation mit Trees for All ein Kohlenstoffausgleichsprogramm initiiert, um Spediteure und Verlader bei der Erf\u00fcllung ihrer Emissionsziele zu unterst\u00fctzen.<\/p>\n","protected":false},"author":1,"featured_media":0,"parent":0,"menu_order":0,"comment_status":"closed","ping_status":"closed","template":"elementor_header_footer","meta":{"footnotes":""},"class_list":["post-20900","page","type-page","status-publish","hentry","no-post-thumbnail"],"acf":[],"_links":{"self":[{"href":"https:\/\/cargors.com\/de\/wp-json\/wp\/v2\/pages\/20900","targetHints":{"allow":["GET"]}}],"collection":[{"href":"https:\/\/cargors.com\/de\/wp-json\/wp\/v2\/pages"}],"about":[{"href":"https:\/\/cargors.com\/de\/wp-json\/wp\/v2\/types\/page"}],"author":[{"embeddable":true,"href":"https:\/\/cargors.com\/de\/wp-json\/wp\/v2\/users\/1"}],"replies":[{"embeddable":true,"href":"https:\/\/cargors.com\/de\/wp-json\/wp\/v2\/comments?post=20900"}],"version-history":[{"count":0,"href":"https:\/\/cargors.com\/de\/wp-json\/wp\/v2\/pages\/20900\/revisions"}],"wp:attachment":[{"href":"https:\/\/cargors.com\/de\/wp-json\/wp\/v2\/media?parent=20900"}],"curies":[{"name":"wp","href":"https:\/\/api.w.org\/{rel}","templated":true}]}}