{"id":20831,"date":"2025-03-17T23:00:23","date_gmt":"2025-03-17T22:00:23","guid":{"rendered":"https:\/\/cargors.com\/karrieren\/"},"modified":"2025-03-19T10:33:38","modified_gmt":"2025-03-19T09:33:38","slug":"karrieren","status":"publish","type":"page","link":"https:\/\/cargors.com\/de\/karrieren\/","title":{"rendered":"Karrieren"},"content":{"rendered":"\t\t<div data-elementor-type=\"wp-post\" data-elementor-id=\"20831\" class=\"elementor elementor-20831 elementor-1434\" data-elementor-post-type=\"page\">\n\t\t\t\t\t\t<section class=\"elementor-section elementor-top-section elementor-element elementor-element-9641c56 elementor-section-full_width elementor-section-height-default elementor-section-height-default\" data-id=\"9641c56\" data-element_type=\"section\" data-e-type=\"section\">\n\t\t\t\t\t\t<div class=\"elementor-container elementor-column-gap-no\">\n\t\t\t\t\t<div class=\"elementor-column elementor-col-25 elementor-top-column elementor-element elementor-element-44bcb28\" data-id=\"44bcb28\" data-element_type=\"column\" data-e-type=\"column\">\n\t\t\t<div class=\"elementor-widget-wrap elementor-element-populated\">\n\t\t\t\t\t\t<div class=\"elementor-element elementor-element-a51a47d elementor-widget elementor-widget-heading\" data-id=\"a51a47d\" data-element_type=\"widget\" data-e-type=\"widget\" data-widget_type=\"heading.default\">\n\t\t\t\t<div class=\"elementor-widget-container\">\n\t\t\t\t\t<h2 class=\"elementor-heading-title elementor-size-medium\">Ein Team sein<\/h2>\t\t\t\t<\/div>\n\t\t\t\t<\/div>\n\t\t\t\t<div class=\"elementor-element elementor-element-f52df3f elementor-widget elementor-widget-text-editor\" data-id=\"f52df3f\" data-element_type=\"widget\" data-e-type=\"widget\" data-widget_type=\"text-editor.default\">\n\t\t\t\t<div class=\"elementor-widget-container\">\n\t\t\t\t\t\t\t\t\t<p>Das bedeutet, das Beste f\u00fcr das Team zu sein, nicht unbedingt der Beste im Team. Wir streben danach, ein st\u00e4rkeres, intelligenteres Team aufzubauen, indem wir Menschen einstellen, die besser sind als wir. Ein erfolgreiches Team ist mehr als nur unsere Arbeit: Eine starke soziale Bindung hilft oft, Kommunikationsherausforderungen zu \u00fcberwinden. F\u00fcrchten Sie sich nicht davor, falsch zu liegen oder zu scheitern, denn wir glauben, wenn Sie nicht gescheitert sind, haben Sie es nicht versucht.   <\/p>\n\t\t\t\t\t\t\t\t<\/div>\n\t\t\t\t<\/div>\n\t\t\t\t\t<\/div>\n\t\t<\/div>\n\t\t\t\t<div class=\"elementor-column elementor-col-25 elementor-top-column elementor-element elementor-element-c01b142\" data-id=\"c01b142\" data-element_type=\"column\" data-e-type=\"column\">\n\t\t\t<div class=\"elementor-widget-wrap elementor-element-populated\">\n\t\t\t\t\t\t<div class=\"elementor-element elementor-element-d4a47c3 elementor-widget elementor-widget-heading\" data-id=\"d4a47c3\" data-element_type=\"widget\" data-e-type=\"widget\" data-widget_type=\"heading.default\">\n\t\t\t\t<div class=\"elementor-widget-container\">\n\t\t\t\t\t<h2 class=\"elementor-heading-title elementor-size-medium\">Offen sein<\/h2>\t\t\t\t<\/div>\n\t\t\t\t<\/div>\n\t\t\t\t<div class=\"elementor-element elementor-element-3c64738 elementor-widget elementor-widget-text-editor\" data-id=\"3c64738\" data-element_type=\"widget\" data-e-type=\"widget\" data-widget_type=\"text-editor.default\">\n\t\t\t\t<div class=\"elementor-widget-container\">\n\t\t\t\t\t\t\t\t\t<p>Offen zu sein bedeutet nicht, Informationen zu teilen, die nicht den besten Interessen des Unternehmens dienen, es bedeutet, kluge Entscheidungen zu treffen und in Ihren Beurteilungen aufrichtig zu sein. Wir sind ein unglaublich talentiertes Team, meistens sind die besten L\u00f6sungen kollaborativ. Beim Geben von Feedback geben Sie es fr\u00fchzeitig, seien Sie direkt, konstruktiv, ehrlich und lassen Sie Ihr Ego au\u00dfen vor.  <\/p>\n\t\t\t\t\t\t\t\t<\/div>\n\t\t\t\t<\/div>\n\t\t\t\t\t<\/div>\n\t\t<\/div>\n\t\t\t\t<div class=\"elementor-column elementor-col-25 elementor-top-column elementor-element elementor-element-69a37dd\" data-id=\"69a37dd\" data-element_type=\"column\" data-e-type=\"column\">\n\t\t\t<div class=\"elementor-widget-wrap elementor-element-populated\">\n\t\t\t\t\t\t<div class=\"elementor-element elementor-element-01b41ce elementor-widget elementor-widget-heading\" data-id=\"01b41ce\" data-element_type=\"widget\" data-e-type=\"widget\" data-widget_type=\"heading.default\">\n\t\t\t\t<div class=\"elementor-widget-container\">\n\t\t\t\t\t<h2 class=\"elementor-heading-title elementor-size-medium\">Wirkung erzielen<\/h2>\t\t\t\t<\/div>\n\t\t\t\t<\/div>\n\t\t\t\t<div class=\"elementor-element elementor-element-c46a581 elementor-widget elementor-widget-text-editor\" data-id=\"c46a581\" data-element_type=\"widget\" data-e-type=\"widget\" data-widget_type=\"text-editor.default\">\n\t\t\t\t<div class=\"elementor-widget-container\">\n\t\t\t\t\t\t\t\t\t<p>Bei Cargors ist jedes Teammitglied f\u00fcr das Produkt verantwortlich, konzentriert sich auf die Mission und setzt alle Anstrengungen daran, das Unternehmen auf die n\u00e4chste Ebene zu bringen. Es ist wichtiger, das Richtige zu tun, als die Dinge richtig zu machen. Schlie\u00dflich haben wir mit wenigen Menschen Gro\u00dfes erreicht, weil wir die volle Verantwortung f\u00fcr unsere Projekte \u00fcbernehmen und nicht auf Anleitung warten.  <\/p>\n\t\t\t\t\t\t\t\t<\/div>\n\t\t\t\t<\/div>\n\t\t\t\t\t<\/div>\n\t\t<\/div>\n\t\t\t\t<div class=\"elementor-column elementor-col-25 elementor-top-column elementor-element elementor-element-00418f5\" data-id=\"00418f5\" data-element_type=\"column\" data-e-type=\"column\">\n\t\t\t<div class=\"elementor-widget-wrap elementor-element-populated\">\n\t\t\t\t\t\t<div class=\"elementor-element elementor-element-7655734 elementor-widget elementor-widget-heading\" data-id=\"7655734\" data-element_type=\"widget\" data-e-type=\"widget\" data-widget_type=\"heading.default\">\n\t\t\t\t<div class=\"elementor-widget-container\">\n\t\t\t\t\t<h2 class=\"elementor-heading-title elementor-size-medium\">Belohnen und anerkennen<\/h2>\t\t\t\t<\/div>\n\t\t\t\t<\/div>\n\t\t\t\t<div class=\"elementor-element elementor-element-1e92f7c elementor-widget elementor-widget-text-editor\" data-id=\"1e92f7c\" data-element_type=\"widget\" data-e-type=\"widget\" data-widget_type=\"text-editor.default\">\n\t\t\t\t<div class=\"elementor-widget-container\">\n\t\t\t\t\t\t\t\t\t<p>Wir bieten wettbewerbsf\u00e4hige Geh\u00e4lter und Leistungen, suchen aber immer nach M\u00f6glichkeiten, diejenigen zu belohnen, die sich unter ihren Kollegen hervortun und wahre Hingabe zeigen. Jeden Monat vergeben wir eine Handvoll Sonderpr\u00e4mien und stellen Sie ins Rampenlicht. Haben wir erw\u00e4hnt, dass wir Mitarbeiter f\u00fcr ihre Empfehlungen bezahlen? Wenn Sie also an Bord kommen, z\u00f6gern Sie nicht, uns andere erstaunlich talentierte Menschen vorzustellen.   <\/p>\n\t\t\t\t\t\t\t\t<\/div>\n\t\t\t\t<\/div>\n\t\t\t\t\t<\/div>\n\t\t<\/div>\n\t\t\t\t\t<\/div>\n\t\t<\/section>\n\t\t\t\t<section class=\"elementor-section elementor-top-section elementor-element elementor-element-f331b1c elementor-section-full_width elementor-section-height-default elementor-section-height-default\" data-id=\"f331b1c\" data-element_type=\"section\" data-e-type=\"section\">\n\t\t\t\t\t\t<div class=\"elementor-container elementor-column-gap-no\">\n\t\t\t\t\t<div class=\"elementor-column elementor-col-100 elementor-top-column elementor-element elementor-element-fea1349\" data-id=\"fea1349\" data-element_type=\"column\" data-e-type=\"column\">\n\t\t\t<div class=\"elementor-widget-wrap elementor-element-populated\">\n\t\t\t\t\t\t<div class=\"elementor-element elementor-element-fdb2fbe elementor-widget elementor-widget-saasland_jobs\" data-id=\"fdb2fbe\" data-element_type=\"widget\" data-e-type=\"widget\" data-widget_type=\"saasland_jobs.default\">\n\t\t\t\t<div class=\"elementor-widget-container\">\n\t\t\t\t\t\r\n        <div class=\"job_listing\">\r\n                            <h3 class=\"f_p f_size_24 l_height28 f_500 t_color3 mb-30\"> Offene Stellenangebote <\/h3>\r\n                        <div id=\"job_filter\" class=\"job_list_tab\">\r\n                <div data-filter=\"*\" class=\"list_item_tab active\"> All <\/div>\r\n                            <\/div>\r\n            <div class=\"listing_tab\" id=\"tab_filter\">\r\n                            <\/div>\r\n\r\n            \r\n        <\/div>\r\n        \t\t\t\t<\/div>\n\t\t\t\t<\/div>\n\t\t\t\t\t<\/div>\n\t\t<\/div>\n\t\t\t\t\t<\/div>\n\t\t<\/section>\n\t\t\t\t<\/div>\n\t\t","protected":false},"excerpt":{"rendered":"<p>Es gibt Arbeitspl\u00e4tze und dann gibt es Karrieren. Die Chance, eine Art von Arbeit zu verrichten, die zu etwas Bedeutungsvollem beitr\u00e4gt. <br \/>  Die M\u00f6glichkeit, sich selbst herauszufordern und neue F\u00e4higkeiten zu erlernen. Die Aussicht, Tag f\u00fcr Tag von intelligenten, ambitionierten,<br \/>motivierten Menschen umgeben zu sein. Das ist die Art von Arbeit, die Sie bei Cargors erwarten k\u00f6nnen. Klingt das ansprechend?   <br \/>  Werden Sie Teil unserer Familie.  <\/p>\n","protected":false},"author":1,"featured_media":0,"parent":0,"menu_order":0,"comment_status":"closed","ping_status":"closed","template":"","meta":{"footnotes":""},"class_list":["post-20831","page","type-page","status-publish","hentry","no-post-thumbnail"],"acf":[],"_links":{"self":[{"href":"https:\/\/cargors.com\/de\/wp-json\/wp\/v2\/pages\/20831","targetHints":{"allow":["GET"]}}],"collection":[{"href":"https:\/\/cargors.com\/de\/wp-json\/wp\/v2\/pages"}],"about":[{"href":"https:\/\/cargors.com\/de\/wp-json\/wp\/v2\/types\/page"}],"author":[{"embeddable":true,"href":"https:\/\/cargors.com\/de\/wp-json\/wp\/v2\/users\/1"}],"replies":[{"embeddable":true,"href":"https:\/\/cargors.com\/de\/wp-json\/wp\/v2\/comments?post=20831"}],"version-history":[{"count":0,"href":"https:\/\/cargors.com\/de\/wp-json\/wp\/v2\/pages\/20831\/revisions"}],"wp:attachment":[{"href":"https:\/\/cargors.com\/de\/wp-json\/wp\/v2\/media?parent=20831"}],"curies":[{"name":"wp","href":"https:\/\/api.w.org\/{rel}","templated":true}]}}