{"id":20818,"date":"2025-03-17T22:58:43","date_gmt":"2025-03-17T21:58:43","guid":{"rendered":"https:\/\/cargors.com\/kubikmeter-berechnen\/"},"modified":"2025-09-04T15:18:05","modified_gmt":"2025-09-04T13:18:05","slug":"kubikmeter-berechnen","status":"publish","type":"page","link":"https:\/\/cargors.com\/de\/kubikmeter-berechnen\/","title":{"rendered":"Kubikmeter berechnen"},"content":{"rendered":"\t\t<div data-elementor-type=\"wp-post\" data-elementor-id=\"20818\" class=\"elementor elementor-20818 elementor-11998\" data-elementor-post-type=\"page\">\n\t\t\t\t\t\t<section class=\"elementor-section elementor-top-section elementor-element elementor-element-68d30df8 elementor-section-content-middle elementor-section-boxed elementor-section-height-default elementor-section-height-default\" data-id=\"68d30df8\" data-element_type=\"section\" data-e-type=\"section\">\n\t\t\t\t\t\t\t<div class=\"elementor-background-overlay\"><\/div>\n\t\t\t\t\t\t\t<div class=\"elementor-container elementor-column-gap-no\">\n\t\t\t\t\t<div class=\"elementor-column elementor-col-33 elementor-top-column elementor-element elementor-element-5f5c9faa\" data-id=\"5f5c9faa\" data-element_type=\"column\" data-e-type=\"column\">\n\t\t\t<div class=\"elementor-widget-wrap elementor-element-populated\">\n\t\t\t\t\t\t<div class=\"elementor-element elementor-element-6b9d5292 elementor-widget elementor-widget-heading\" data-id=\"6b9d5292\" data-element_type=\"widget\" data-e-type=\"widget\" data-widget_type=\"heading.default\">\n\t\t\t\t<div class=\"elementor-widget-container\">\n\t\t\t\t\t<h1 class=\"elementor-heading-title elementor-size-medium\">Kubikmeter berechnen<\/h1>\t\t\t\t<\/div>\n\t\t\t\t<\/div>\n\t\t\t\t<div class=\"elementor-element elementor-element-fff1c71 elementor-widget-divider--separator-type-pattern elementor-widget-divider--no-spacing elementor-widget-divider--view-line elementor-widget elementor-widget-divider\" data-id=\"fff1c71\" data-element_type=\"widget\" data-e-type=\"widget\" data-widget_type=\"divider.default\">\n\t\t\t\t<div class=\"elementor-widget-container\">\n\t\t\t\t\t\t\t<div class=\"elementor-divider\" style=\"--divider-pattern-url: url(&quot;data:image\/svg+xml,%3Csvg xmlns=&#039;http:\/\/www.w3.org\/2000\/svg&#039; preserveAspectRatio=&#039;xMidYMid meet&#039; overflow=&#039;visible&#039; height=&#039;100%&#039; viewBox=&#039;0 0 126 26&#039; fill=&#039;black&#039; stroke=&#039;none&#039;%3E%3Cpath d=&#039;M46.8,7.8v11.5L36,18.6V7.8H46.8z M82.4,7.8L84,18.6l-12,0.7L70.4,7.8H82.4z M0,7.8l12,0.9v9.9H1.3L0,7.8z M30,7.8v10.8H19L18,7.8H30z M63.7,7.8L66,18.6H54V9.5L63.7,7.8z M89.8,7L102,7.8v10.8H91.2L89.8,7zM108,7.8l12,0.9v8.9l-12,1V7.8z&#039;\/%3E%3C\/svg%3E&quot;);\">\n\t\t\t<span class=\"elementor-divider-separator\">\n\t\t\t\t\t\t<\/span>\n\t\t<\/div>\n\t\t\t\t\t\t<\/div>\n\t\t\t\t<\/div>\n\t\t\t\t<div class=\"elementor-element elementor-element-7369991 elementor-widget elementor-widget-spacer\" data-id=\"7369991\" data-element_type=\"widget\" data-e-type=\"widget\" data-widget_type=\"spacer.default\">\n\t\t\t\t<div class=\"elementor-widget-container\">\n\t\t\t\t\t\t\t<div class=\"elementor-spacer\">\n\t\t\t<div class=\"elementor-spacer-inner\"><\/div>\n\t\t<\/div>\n\t\t\t\t\t\t<\/div>\n\t\t\t\t<\/div>\n\t\t\t\t<div class=\"elementor-element elementor-element-e78051a elementor-widget elementor-widget-text-editor\" data-id=\"e78051a\" data-element_type=\"widget\" data-e-type=\"widget\" data-widget_type=\"text-editor.default\">\n\t\t\t\t<div class=\"elementor-widget-container\">\n\t\t\t\t\t\t\t\t\t<p>Um Ihr Transportfahrzeug optimal zu nutzen, ist es ratsam, Kubikmeter zu berechnen. Viele <a href=\"https:\/\/cargors.com\/carriers\/\">Spediteure<\/a> und <a href=\"https:\/\/cargors.com\/shippers\/\">Versender<\/a> verwenden dieses Tool, um ihre Fahrzeugauslastung noch effizienter zu gestalten. <\/p>\n<h2>Was bedeutet ein Kubikmeter?<\/h2>\n<p>In einfachen Worten ausgedr\u00fcckt, ist ein Kubikmeter das Volumen, das eine Ladung in Ihrem Fahrzeug in L\u00e4nge, Breite und H\u00f6he einnimmt. <\/p>\n<h2>Wie berechnet man Kubikmeter?<\/h2>\n<p>Die Berechnung von Kubikmetern (m\u00b3) ist sehr einfach.<\/p>\n<div role=\"heading\" aria-level=\"3\"><b>Die Formel lautet:<\/b><\/div>\n<div>\n<ol>\n<li>L\u00e4nge (in <b>Meter<\/b>) X Breite (in <b>Meter<\/b>) X H\u00f6he (in <b>Meter<\/b>)<\/li>\n<li>Wir k\u00f6nnen Abmessungen in <b>Meter<\/b>, Zentimeter, Zoll, Fu\u00df definieren.<\/li>\n<\/ol>\n<p>In unserem Tool k\u00f6nnen Sie die Abmessungen in Zentimetern eingeben, und wir rechnen diese automatisch in Meter um.<\/p>\n<\/div>\n<h2>Wie viele Kubikmeter fasst ein LKW?<\/h2>\n<p>Die Anzahl der Kubikmeter h\u00e4ngt stark vom Typ des LKWs\/Fahrzeugs ab, das Sie besitzen. Nachfolgend finden Sie einige Beispiele in Metern: <\/p>\n<p><strong>LKW-Beispiel 1<\/strong><\/p>\n<p>L\u00e4nge 13,6 X Breite 2,45 X H\u00f6he 2,45 = 82 M\u00b3<\/p>\n<p><strong>LKW-Beispiel 2<\/strong><\/p>\n<p>L\u00e4nge 13,6 X Breite 2,45 X H\u00f6he 2,70 = 90 M\u00b3<\/p>\n<p>Mit unserem Tool k\u00f6nnen Sie nun das Volumen der Ladung in Kubikmetern, das Volumen Ihres Fahrzeugs und auch berechnen, wie viele Kubikmeter nach Annahme einer Ladung noch verf\u00fcgbar sein werden.<\/p>\n<h2>Was ist der Unterschied zwischen der Berechnung von Kubikmetern und der <a href=\"https:\/\/cargors.com\/calculate-loading-meters\/\">Berechnung von Lademeter<\/a>?<\/h2>\n<p>Kubikmeter ber\u00fccksichtigen die H\u00f6he der Ladung. Dies ist besonders wichtig, wenn die Waren stapelbar sind. Zum Beispiel passen maximal 33 Europaletten in einen LKW, wenn die Ladung nicht stapelbar ist. Ist die Ladung stapelbar, passt viel mehr hinein und die Fahrzeugauslastung erh\u00f6ht sich.   <\/p>\n\t\t\t\t\t\t\t\t<\/div>\n\t\t\t\t<\/div>\n\t\t\t\t\t<\/div>\n\t\t<\/div>\n\t\t\t\t<div class=\"elementor-column elementor-col-66 elementor-top-column elementor-element elementor-element-138ab10f\" data-id=\"138ab10f\" data-element_type=\"column\" data-e-type=\"column\">\n\t\t\t<div class=\"elementor-widget-wrap elementor-element-populated\">\n\t\t\t\t\t\t<div class=\"elementor-element elementor-element-a16366e elementor-widget elementor-widget-shortcode\" data-id=\"a16366e\" data-element_type=\"widget\" data-e-type=\"widget\" data-widget_type=\"shortcode.default\">\n\t\t\t\t<div class=\"elementor-widget-container\">\n\t\t\t\t\t\t\t<div class=\"elementor-shortcode\"><style><\/style><style>@media (max-width:480px){#cp_calculatedfieldsf_pform_1{min-height:4169px;}}@media (max-width:768px){#cp_calculatedfieldsf_pform_1{min-height:1690px;}}@media (max-width:1024px){#cp_calculatedfieldsf_pform_1{min-height:2390px;}}@media (min-width:1024px){#cp_calculatedfieldsf_pform_1{min-height:1688px;}}<\/style><form name=\"cp_calculatedfieldsf_pform_1\" id=\"cp_calculatedfieldsf_pform_1\" action=\"https:\/\/cargors.com\/de\/kubikmeter-berechnen\/\" method=\"post\" enctype=\"multipart\/form-data\" onsubmit=\"return fbuilderjQuery.fbuilder.doValidate(this);\" class=\"cff-form no-prefetch  cff-form-9 cp_cff_clean\"  data-nonce=\"8e0973d513\">\n<input type=\"hidden\" name=\"cp_calculatedfieldsf_pform_psequence\" value=\"_1\" \/>\n<input type=\"hidden\" name=\"cp_calculatedfieldsf_id\" value=\"9\" \/>\n<input type=\"hidden\" name=\"cp_ref_page\" value=\"https:\/\/cargors.com\/de\" \/>\n<pre style=\"display:none !important;\"><script data-category=\"functional\" type=\"text\/javascript\">form_structure_1=[[{\"form_identifier\":\"\",\"name\":\"fieldname14\",\"shortlabel\":\"\",\"index\":0,\"ftype\":\"fSectionBreak\",\"userhelp\":\"Calculate here the cubic meters of a new load\",\"userhelpTooltip\":false,\"tooltipIcon\":false,\"csslayout\":\"\",\"title\":\"Cubic meters load\",\"fBuild\":{},\"parent\":\"\"},{\"form_identifier\":\"\",\"name\":\"fieldname2\",\"shortlabel\":\"\",\"index\":1,\"ftype\":\"fnumber\",\"userhelp\":\"Please fill in CM\",\"userhelpTooltip\":false,\"tooltipIcon\":true,\"csslayout\":\"\",\"title\":\"Length\",\"predefined\":\"\",\"predefinedClick\":false,\"required\":false,\"exclude\":false,\"readonly\":false,\"size\":\"medium\",\"thousandSeparator\":\"\",\"decimalSymbol\":\".\",\"min\":\"0\",\"max\":\"\",\"formatDynamically\":false,\"dformat\":\"digits\",\"formats\":[\"digits\",\"number\",\"percent\"],\"fBuild\":{},\"parent\":\"\"},{\"form_identifier\":\"\",\"name\":\"fieldname4\",\"shortlabel\":\"\",\"index\":2,\"ftype\":\"fnumber\",\"userhelp\":\"Please fill in CM\",\"userhelpTooltip\":false,\"tooltipIcon\":true,\"csslayout\":\"\",\"title\":\"Width\",\"predefined\":\"\",\"predefinedClick\":false,\"required\":false,\"exclude\":false,\"readonly\":false,\"size\":\"medium\",\"thousandSeparator\":\"\",\"decimalSymbol\":\".\",\"min\":\"0\",\"max\":\"\",\"formatDynamically\":false,\"dformat\":\"digits\",\"formats\":[\"digits\",\"number\",\"percent\"],\"fBuild\":{},\"parent\":\"\"},{\"form_identifier\":\"\",\"name\":\"fieldname8\",\"shortlabel\":\"\",\"index\":3,\"ftype\":\"fnumber\",\"userhelp\":\"Please fill in CM\",\"userhelpTooltip\":false,\"tooltipIcon\":true,\"csslayout\":\"\",\"title\":\"Height\",\"predefined\":\"\",\"predefinedClick\":false,\"required\":false,\"exclude\":false,\"readonly\":false,\"size\":\"medium\",\"thousandSeparator\":\"\",\"decimalSymbol\":\".\",\"min\":\"0\",\"max\":\"\",\"formatDynamically\":false,\"dformat\":\"digits\",\"formats\":[\"digits\",\"number\",\"percent\"],\"fBuild\":{},\"parent\":\"\"},{\"form_identifier\":\"\",\"name\":\"fieldname5\",\"shortlabel\":\"\",\"index\":4,\"ftype\":\"fnumber\",\"userhelp\":\"\",\"userhelpTooltip\":false,\"tooltipIcon\":true,\"csslayout\":\"\",\"title\":\"Number of pallets\",\"predefined\":\"\",\"predefinedClick\":false,\"required\":false,\"exclude\":false,\"readonly\":false,\"size\":\"medium\",\"thousandSeparator\":\"\",\"decimalSymbol\":\".\",\"min\":\"0\",\"max\":\"\",\"formatDynamically\":false,\"dformat\":\"digits\",\"formats\":[\"digits\",\"number\",\"percent\"],\"fBuild\":{},\"parent\":\"\"},{\"dependencies\":[{\"rule\":\"\",\"complex\":false,\"fields\":[\"\"]}],\"form_identifier\":\"\",\"name\":\"fieldname1\",\"shortlabel\":\"\",\"index\":5,\"ftype\":\"fCalculated\",\"userhelp\":\"\",\"userhelpTooltip\":false,\"tooltipIcon\":false,\"csslayout\":\"\",\"title\":\"Calculated Cubic Meters\",\"predefined\":\"\",\"required\":false,\"exclude\":false,\"size\":\"medium\",\"eq\":\"PREC((fieldname2*fieldname4*fieldname8)*fieldname5\\\/1000000,2)\",\"suffix\":\"\",\"prefix\":\"\",\"decimalsymbol\":\".\",\"groupingsymbol\":\"\",\"readonly\":true,\"currency\":false,\"noEvalIfManual\":true,\"formatDynamically\":false,\"hidefield\":false,\"fBuild\":{},\"parent\":\"\"},{\"form_identifier\":\"\",\"name\":\"fieldname9\",\"shortlabel\":\"Total available cubic meters\",\"index\":6,\"ftype\":\"fSectionBreak\",\"userhelp\":\"Calculate your total available cubic meters per vehicle\",\"userhelpTooltip\":false,\"tooltipIcon\":false,\"csslayout\":\"\",\"title\":\"Total available cubic meters\",\"fBuild\":{},\"parent\":\"\"},{\"form_identifier\":\"\",\"name\":\"fieldname10\",\"shortlabel\":\"\",\"index\":7,\"ftype\":\"fnumber\",\"userhelp\":\"Please fill in CM\",\"userhelpTooltip\":false,\"tooltipIcon\":true,\"csslayout\":\"\",\"title\":\"Total loading LENGTH vehicle\",\"predefined\":\"\",\"predefinedClick\":false,\"required\":false,\"exclude\":false,\"readonly\":false,\"size\":\"medium\",\"thousandSeparator\":\"\",\"decimalSymbol\":\".\",\"min\":\"0\",\"max\":\"\",\"formatDynamically\":false,\"dformat\":\"digits\",\"formats\":[\"digits\",\"number\",\"percent\"],\"fBuild\":{},\"parent\":\"\"},{\"form_identifier\":\"\",\"name\":\"fieldname11\",\"shortlabel\":\"\",\"index\":8,\"ftype\":\"fnumber\",\"userhelp\":\"Please fill in CM\",\"userhelpTooltip\":false,\"tooltipIcon\":true,\"csslayout\":\"\",\"title\":\"Total loading WIDTH vehicle\",\"predefined\":\"\",\"predefinedClick\":false,\"required\":false,\"exclude\":false,\"readonly\":false,\"size\":\"medium\",\"thousandSeparator\":\"\",\"decimalSymbol\":\".\",\"min\":\"0\",\"max\":\"\",\"formatDynamically\":false,\"dformat\":\"digits\",\"formats\":[\"digits\",\"number\",\"percent\"],\"fBuild\":{},\"parent\":\"\"},{\"form_identifier\":\"\",\"name\":\"fieldname12\",\"shortlabel\":\"\",\"index\":9,\"ftype\":\"fnumber\",\"userhelp\":\"Please fill in CM\",\"userhelpTooltip\":false,\"tooltipIcon\":true,\"csslayout\":\"\",\"title\":\"Total loading HEIGHT vehicle\",\"predefined\":\"\",\"predefinedClick\":false,\"required\":false,\"exclude\":false,\"readonly\":false,\"size\":\"medium\",\"thousandSeparator\":\"\",\"decimalSymbol\":\".\",\"min\":\"0\",\"max\":\"\",\"formatDynamically\":false,\"dformat\":\"digits\",\"formats\":[\"digits\",\"number\",\"percent\"],\"fBuild\":{},\"parent\":\"\"},{\"dependencies\":[{\"rule\":\"\",\"complex\":false,\"fields\":[\"\"]}],\"form_identifier\":\"\",\"name\":\"fieldname13\",\"shortlabel\":\"\",\"index\":10,\"ftype\":\"fCalculated\",\"userhelp\":\"\",\"userhelpTooltip\":false,\"tooltipIcon\":false,\"csslayout\":\"\",\"title\":\"Calculated total cubic meters vehicle\",\"predefined\":\"\",\"required\":false,\"exclude\":false,\"size\":\"medium\",\"eq\":\"PREC((fieldname10*fieldname11*fieldname12)\\\/1000000,2)\",\"suffix\":\"\",\"prefix\":\"\",\"decimalsymbol\":\".\",\"groupingsymbol\":\"\",\"readonly\":true,\"currency\":false,\"noEvalIfManual\":true,\"formatDynamically\":false,\"hidefield\":false,\"fBuild\":{},\"parent\":\"\"},{\"form_identifier\":\"\",\"name\":\"fieldname15\",\"shortlabel\":\"Available cubic meters\",\"index\":11,\"ftype\":\"fSectionBreak\",\"userhelp\":\"This is your available cubic meters for potential new loads\",\"userhelpTooltip\":false,\"tooltipIcon\":false,\"csslayout\":\"\",\"title\":\"Available cubic meters for new loads\",\"fBuild\":{},\"parent\":\"\"},{\"dependencies\":[{\"rule\":\"\",\"complex\":false,\"fields\":[\"\"]}],\"form_identifier\":\"\",\"name\":\"fieldname6\",\"shortlabel\":\"\",\"index\":12,\"ftype\":\"fCalculated\",\"userhelp\":\"\",\"userhelpTooltip\":false,\"tooltipIcon\":false,\"csslayout\":\"\",\"title\":\"Remaining cubic meters\",\"predefined\":\"\",\"required\":false,\"exclude\":false,\"size\":\"medium\",\"eq\":\"PREC((fieldname13-fieldname1),2)\",\"suffix\":\"\",\"prefix\":\"\",\"decimalsymbol\":\".\",\"groupingsymbol\":\"\",\"readonly\":true,\"currency\":false,\"noEvalIfManual\":true,\"formatDynamically\":false,\"hidefield\":false,\"fBuild\":{},\"parent\":\"\"}],{\"0\":{\"title\":\"\",\"description\":\"\",\"formlayout\":\"top_aligned\",\"formtemplate\":\"cp_cff_clean\",\"evalequations\":1,\"evalequationsevent\":2,\"loading_animation\":0,\"autocomplete\":1,\"persistence\":0,\"customstyles\":\"\\n\"},\"formid\":\"cp_calculatedfieldsf_pform_1\"}];<\/script><\/pre>\n<div id=\"fbuilder\">\n\t\t<div id=\"fbuilder_1\">\n\t\t<div id=\"formheader_1\"><\/div>\n\t\t<div id=\"fieldlist_1\"><\/div>\n\t\t<div class=\"clearer\"><\/div>\n\t<\/div>\n<\/div>\n\t<div id=\"cp_subbtn_1\" class=\"cp_subbtn\" style=\"display:none;\"><\/div><div class=\"clearer\"><\/div>\n\t<input type=\"hidden\" id=\"_cpcff_public_nonce\" name=\"_cpcff_public_nonce\" value=\"2fe5a96a92\" \/><input type=\"hidden\" name=\"_wp_http_referer\" value=\"\/de\/wp-json\/wp\/v2\/pages\/20818\" \/><input type=\"hidden\" name=\"cff_form_start_time\" value=\"rtd5AYuBBNVuL1o5NY4vXw==\"><\/form>\n\t<\/div>\n\t\t\t\t\t\t<\/div>\n\t\t\t\t<\/div>\n\t\t\t\t<div class=\"elementor-element elementor-element-0c15511 elementor-widget elementor-widget-text-editor\" data-id=\"0c15511\" data-element_type=\"widget\" data-e-type=\"widget\" data-widget_type=\"text-editor.default\">\n\t\t\t\t<div class=\"elementor-widget-container\">\n\t\t\t\t\t\t\t\t\t<p>Abmessungen der am h\u00e4ufigsten verwendeten Paletten: Mini-Paletten (<strong>80\u00d760<\/strong>), Europaletten (<strong>80\u00d7120<\/strong>) und Blockpaletten (<strong>100\u00d7120<\/strong>). Cargors ist ideal f\u00fcr den <a href=\"https:\/\/cargors.com\/shipping-pallets\/\">Versand auf Paletten<\/a>. <\/p>\n\t\t\t\t\t\t\t\t<\/div>\n\t\t\t\t<\/div>\n\t\t\t\t<div class=\"elementor-element elementor-element-59ede3e elementor-shape-square e-grid-align-left elementor-grid-0 elementor-widget elementor-widget-social-icons\" data-id=\"59ede3e\" data-element_type=\"widget\" data-e-type=\"widget\" data-widget_type=\"social-icons.default\">\n\t\t\t\t<div class=\"elementor-widget-container\">\n\t\t\t\t\t\t\t<div class=\"elementor-social-icons-wrapper elementor-grid\" role=\"list\">\n\t\t\t\t\t\t\t<span class=\"elementor-grid-item\" role=\"listitem\">\n\t\t\t\t\t<a class=\"elementor-icon elementor-social-icon elementor-social-icon-facebook elementor-repeater-item-48e45be\" target=\"_blank\">\n\t\t\t\t\t\t<span class=\"elementor-screen-only\">Facebook<\/span>\n\t\t\t\t\t\t<i aria-hidden=\"true\" class=\"fab fa-facebook\"><\/i>\t\t\t\t\t<\/a>\n\t\t\t\t<\/span>\n\t\t\t\t\t\t\t<span class=\"elementor-grid-item\" role=\"listitem\">\n\t\t\t\t\t<a class=\"elementor-icon elementor-social-icon elementor-social-icon-twitter elementor-repeater-item-1eed261\" target=\"_blank\">\n\t\t\t\t\t\t<span class=\"elementor-screen-only\">Twitter<\/span>\n\t\t\t\t\t\t<i aria-hidden=\"true\" class=\"fab fa-twitter\"><\/i>\t\t\t\t\t<\/a>\n\t\t\t\t<\/span>\n\t\t\t\t\t\t\t<span class=\"elementor-grid-item\" role=\"listitem\">\n\t\t\t\t\t<a class=\"elementor-icon elementor-social-icon elementor-social-icon-youtube elementor-repeater-item-97371f8\" target=\"_blank\">\n\t\t\t\t\t\t<span class=\"elementor-screen-only\">Youtube<\/span>\n\t\t\t\t\t\t<i aria-hidden=\"true\" class=\"fab fa-youtube\"><\/i>\t\t\t\t\t<\/a>\n\t\t\t\t<\/span>\n\t\t\t\t\t<\/div>\n\t\t\t\t\t\t<\/div>\n\t\t\t\t<\/div>\n\t\t\t\t\t<\/div>\n\t\t<\/div>\n\t\t\t\t\t<\/div>\n\t\t<\/section>\n\t\t\t\t<\/div>\n\t\t","protected":false},"excerpt":{"rendered":"<p>Mit unserem Tool k\u00f6nnen Sie nun m\u00fchelos Kubikmeter berechnen. <br \/>Sie k\u00f6nnen auch das Gesamtvolumen Ihres Fahrzeugs in Kubikmetern berechnen und sehen, wie viel Platz Sie noch f\u00fcr weitere Ladungen haben.<\/p>\n","protected":false},"author":1,"featured_media":0,"parent":0,"menu_order":0,"comment_status":"closed","ping_status":"closed","template":"","meta":{"footnotes":""},"class_list":["post-20818","page","type-page","status-publish","hentry","no-post-thumbnail"],"acf":[],"_links":{"self":[{"href":"https:\/\/cargors.com\/de\/wp-json\/wp\/v2\/pages\/20818","targetHints":{"allow":["GET"]}}],"collection":[{"href":"https:\/\/cargors.com\/de\/wp-json\/wp\/v2\/pages"}],"about":[{"href":"https:\/\/cargors.com\/de\/wp-json\/wp\/v2\/types\/page"}],"author":[{"embeddable":true,"href":"https:\/\/cargors.com\/de\/wp-json\/wp\/v2\/users\/1"}],"replies":[{"embeddable":true,"href":"https:\/\/cargors.com\/de\/wp-json\/wp\/v2\/comments?post=20818"}],"version-history":[{"count":4,"href":"https:\/\/cargors.com\/de\/wp-json\/wp\/v2\/pages\/20818\/revisions"}],"predecessor-version":[{"id":23213,"href":"https:\/\/cargors.com\/de\/wp-json\/wp\/v2\/pages\/20818\/revisions\/23213"}],"wp:attachment":[{"href":"https:\/\/cargors.com\/de\/wp-json\/wp\/v2\/media?parent=20818"}],"curies":[{"name":"wp","href":"https:\/\/api.w.org\/{rel}","templated":true}]}}